{"id":211,"date":"2017-01-14T18:19:19","date_gmt":"2017-01-14T18:19:19","guid":{"rendered":"http:\/\/www.haptens-antibodies.com\/?page_id=211"},"modified":"2017-03-12T09:47:52","modified_gmt":"2017-03-12T09:47:52","slug":"functionalized-boscalid-derivatives","status":"publish","type":"page","link":"http:\/\/www.haptens-antibodies.com\/en\/functionalized-boscalid-derivatives\/","title":{"rendered":"Functionalized boscalid derivatives"},"content":{"rendered":"<p><\/p>\n<h2 style=\"text-align: left; padding-top: 3%; border-bottom: 1px solid #e7ad4a; padding-bottom: 1%; margin-bottom: 2%;\"><span style=\"color: #e7ad4a; font-size: 18pt;\">\u2192<\/span><strong><span style=\"color: #545454;\">\u00a0Patent details <\/span><\/strong><\/h2>\n<table class=\"aligncenter\" style=\"width:80%; border-color: #e7ad4a; border-style: double;\" border=\"1\" cellpadding=\"2\">\n<tbody>\n<tr style=\"height: 24px;\">\n<th style=\"width: 100%; background-color: #29618c; height: 24px; text-align: center;\" colspan=\"2\"><span style=\"color: #ffffff; font-family: helvetica, arial, sans-serif; font-size: 11pt;\">Patent<\/span><\/th>\n<\/tr>\n<tr style=\"height: 15px;\">\n<td style=\"width: 183px; height: 15px; padding-left: 30px; text-align: center;\"><span style=\"font-family: helvetica, arial, sans-serif; font-size: 11pt;\"><strong>Title:<\/strong><\/span><\/td>\n<td style=\"width: 555px; height: 15px; padding-left: 30px; text-align: left;\"><span class=\"s1\" style=\"font-family: helvetica, arial, sans-serif; font-size: 11pt;\">Functionalized boscalid derivatives<br \/>\n<\/span><\/td>\n<\/tr>\n<tr style=\"height: 24px;\">\n<td style=\"width: 183px; height: 24px; padding-left: 30px; text-align: center;\"><span style=\"font-family: helvetica, arial, sans-serif; font-size: 11pt;\"><strong>Inventors:<\/strong><\/span><\/td>\n<td style=\"width: 555px; height: 24px; padding-left: 30px; text-align: left;\"><span class=\"s1\" style=\"font-family: helvetica, arial, sans-serif; font-size: 11pt;\">A. Abad Somovilla, Consuelo Agull\u00f3 Blanes, A. Abad Fuentes, Jos\u00e9 Vicente Mercader Bad\u00eda<\/span><\/td>\n<\/tr>\n<tr style=\"height: 24px;\">\n<td style=\"width: 183px; height: 24px; padding-left: 30px; text-align: center;\"><span style=\"font-family: helvetica, arial, sans-serif; font-size: 11pt;\"><strong>Application number:<\/strong><\/span><\/td>\n<td style=\"width: 555px; height: 24px; padding-left: 30px; text-align: left;\"><span class=\"s1\" style=\"font-family: helvetica, arial, sans-serif; font-size: 11pt;\">WO2012\/062945 A1<\/span><\/td>\n<\/tr>\n<tr style=\"height: 24px;\">\n<td style=\"width: 183px; height: 24px; padding-left: 30px; text-align: center;\"><span style=\"font-family: helvetica, arial, sans-serif; font-size: 11pt;\"><strong>Priority data:<\/strong><\/span><\/td>\n<td style=\"width: 555px; height: 24px; padding-left: 30px; text-align: left;\"><span class=\"s1\" style=\"font-family: helvetica, arial, sans-serif; font-size: 11pt;\">18\/05\/2012\u00a0<\/span><\/td>\n<\/tr>\n<tr style=\"height: 24px;\">\n<td style=\"width: 183px; height: 24px; padding-left: 30px; text-align: center;\"><span style=\"font-family: helvetica, arial, sans-serif; font-size: 11pt;\"><strong>Titular entity:<\/strong><\/span><\/td>\n<td style=\"width: 555px; height: 24px; padding-left: 30px; text-align: left;\"><span class=\"s1\" style=\"font-family: helvetica, arial, sans-serif; font-size: 11pt;\">Universidad de Valencia and CSIC<\/span><\/td>\n<\/tr>\n<tr style=\"height: 27px;\">\n<td style=\"width: 183px; height: 27px; padding-left: 30px; text-align: center;\"><span style=\"font-family: helvetica, arial, sans-serif; font-size: 11pt;\"><strong>Abstract:<\/strong><\/span><\/td>\n<td style=\"width: 555px; height: 27px; padding-left: 30px; text-align: left;\"><span class=\"s1\" style=\"font-family: helvetica, arial, sans-serif; font-size: 11pt;\">The present invention relates to novel chemically functionalized boscalid derivatives. Furthermore, the present invention relates to boscalid immunogens, to the conjugated or labelled derivatives and to the antibodies obtained from the immunogens of the present invention.<br \/>\n<\/span><\/td>\n<\/tr>\n<tr style=\"height: 27.1667px;\">\n<td style=\"width: 183px; height: 27.1667px; padding-left: 30px; text-align: center; vertical-align: middle;\"><span style=\"font-family: helvetica, arial, sans-serif; font-size: 11pt;\"><strong>\u00a0Patentscope:<\/strong><\/span><\/td>\n<td style=\"width: 555px; height: 27.1667px; padding-left: 30px; text-align: center;\">\u00a0<a href=\"https:\/\/patentscope.wipo.int\/search\/en\/detail.jsf?docId=WO2012062945&amp;redirectedID=true\" target=\"_blank\"><img loading=\"lazy\" class=\"alignnone wp-image-268\" src=\"http:\/\/www.haptens-antibodies.com\/wp-content\/uploads\/2017\/01\/wipo-300x63.jpg\" sizes=\"(max-width: 199px) 100vw, 199px\" srcset=\"http:\/\/www.haptens-antibodies.com\/wp-content\/uploads\/2017\/01\/wipo-300x63.jpg 300w, http:\/\/www.haptens-antibodies.com\/wp-content\/uploads\/2017\/01\/wipo.jpg 531w\" alt=\"\" width=\"199\" height=\"42\" \/><\/a><\/td>\n<\/tr>\n<\/tbody>\n<\/table>\n<p>&nbsp;<\/p>","protected":false},"excerpt":{"rendered":"<p>\u2192\u00a0Patent details Patent Title: Functionalized boscalid derivatives Inventors: A. Abad Somovilla, Consuelo Agull\u00f3 Blanes, A. Abad Fuentes, Jos\u00e9 Vicente Mercader Bad\u00eda Application number: WO2012\/062945 A1 Priority data: 18\/05\/2012\u00a0 Titular entity: Universidad de Valencia and CSIC Abstract: The present invention relates to novel chemically functionalized boscalid derivatives. Furthermore, the present invention relates to boscalid immunogens, to [&hellip;]<\/p>\n","protected":false},"author":1,"featured_media":0,"parent":0,"menu_order":0,"comment_status":"closed","ping_status":"closed","template":"","meta":{"_monsterinsights_skip_tracking":false,"_monsterinsights_sitenote_active":false,"_monsterinsights_sitenote_note":"","_monsterinsights_sitenote_category":0},"_links":{"self":[{"href":"http:\/\/www.haptens-antibodies.com\/en\/wp-json\/wp\/v2\/pages\/211"}],"collection":[{"href":"http:\/\/www.haptens-antibodies.com\/en\/wp-json\/wp\/v2\/pages"}],"about":[{"href":"http:\/\/www.haptens-antibodies.com\/en\/wp-json\/wp\/v2\/types\/page"}],"author":[{"embeddable":true,"href":"http:\/\/www.haptens-antibodies.com\/en\/wp-json\/wp\/v2\/users\/1"}],"replies":[{"embeddable":true,"href":"http:\/\/www.haptens-antibodies.com\/en\/wp-json\/wp\/v2\/comments?post=211"}],"version-history":[{"count":23,"href":"http:\/\/www.haptens-antibodies.com\/en\/wp-json\/wp\/v2\/pages\/211\/revisions"}],"predecessor-version":[{"id":1145,"href":"http:\/\/www.haptens-antibodies.com\/en\/wp-json\/wp\/v2\/pages\/211\/revisions\/1145"}],"wp:attachment":[{"href":"http:\/\/www.haptens-antibodies.com\/en\/wp-json\/wp\/v2\/media?parent=211"}],"curies":[{"name":"wp","href":"https:\/\/api.w.org\/{rel}","templated":true}]}}